{"id":2783,"date":"2021-01-18T11:12:38","date_gmt":"2021-01-18T11:12:38","guid":{"rendered":"https:\/\/www.icafoundation.org\/chi-siamo\/"},"modified":"2021-01-21T14:07:22","modified_gmt":"2021-01-21T14:07:22","slug":"chi-siamo","status":"publish","type":"page","link":"https:\/\/www.icafoundation.org\/it\/chi-siamo\/","title":{"rendered":"Chi Siamo"},"content":{"rendered":"<p>[vc_section css=&#8221;.vc_custom_1501467764272{padding-top: 55px !important;padding-bottom: 55px !important;}&#8221;][vc_row equal_height=&#8221;yes&#8221; content_placement=&#8221;middle&#8221;][vc_column width=&#8221;1\/2&#8243;][vc_single_image image=&#8221;2801&#8243; img_size=&#8221;full&#8221; alignment=&#8221;center&#8221;][\/vc_column][vc_column width=&#8221;1\/2&#8243; css=&#8221;.vc_custom_1501469736493{padding-right: 50px !important;padding-left: 50px !important;}&#8221;][vc_custom_heading text=&#8221;La Fondazione Il Cuore Altrove \u00e8 la manifestazione della speranza in un mondo cinico. Vogliamo proteggere, nutrire e ispirare i bambini pi\u00f9 vulnerabili del mondo.&#8221; font_container=&#8221;tag:h2|text_align:left|color:%23616161&#8243; google_fonts=&#8221;font_family:Raleway%3A100%2C200%2C300%2Cregular%2C500%2C600%2C700%2C800%2C900|font_style:800%20bold%20regular%3A800%3Anormal&#8221; custom_letter_spacing=&#8221;-1.8px&#8221;][vc_custom_heading text=&#8221;Le nostre iniziative si concentrano su 3 aree principali, Bambini, Ambiente e Ricerca\/Educazione.<br \/>Crediamo che questi 3 pilastri siano le fondamenta per un futuro migliore, un futuro in cui vale la pena vivere.<br \/>&#8221; font_container=&#8221;tag:p|text_align:left|color:%23636363&#8243; google_fonts=&#8221;font_family:Raleway%3A100%2C200%2C300%2Cregular%2C500%2C600%2C700%2C800%2C900|font_style:400%20regular%3A400%3Anormal&#8221; css=&#8221;.vc_custom_1533119130796{margin-top: 40px !important;}&#8221;][vc_column_text css=&#8221;.vc_custom_1533119075151{margin-top: 25px !important;}&#8221;]<\/p>\n<blockquote>\n<p><span style=\"font-family: kontora;\">\u201cIl Cuore Altrove Foundation\u201d in an italian word and it translates as <strong>The Heart Elsewhere Foundation<\/strong>.<\/span><\/p>\n<\/blockquote>\n<p>[\/vc_column_text][vc_custom_heading text=&#8221;Il nostro ideale \u00e8 quello di lavorare con aziende in grado di relazionarsi con il nostro messaggio e di veicolare il modo pi\u00f9 potente ed efficace per diffondere la parola.&#8221; font_container=&#8221;tag:p|text_align:left|color:%23616161&#8243; google_fonts=&#8221;font_family:Raleway%3A100%2C200%2C300%2Cregular%2C500%2C600%2C700%2C800%2C900|font_style:400%20regular%3A400%3Anormal&#8221; css=&#8221;.vc_custom_1533119119262{margin-top: 40px !important;}&#8221;][\/vc_column][\/vc_row][\/vc_section][vc_section full_width=&#8221;stretch_row&#8221; css=&#8221;.vc_custom_1533062313687{padding-bottom: 50px !important;background-color: #f7f7f7 !important;}&#8221; el_id=&#8221;our_team&#8221;][vc_row][vc_column][vc_custom_heading text=&#8221;Il nostro Team&#8221; font_container=&#8221;tag:h2|text_align:center&#8221;][vc_single_image image=&#8221;2081&#8243; alignment=&#8221;center&#8221;][vc_empty_space][\/vc_column][\/vc_row][vc_row gap=&#8221;30&#8243; el_class=&#8221;hover01&#8243;][vc_column width=&#8221;1\/3&#8243;][vc_single_image image=&#8221;2799&#8243; img_size=&#8221;350&#215;430&#8243; alignment=&#8221;center&#8221; onclick=&#8221;custom_link&#8221; link=&#8221;#antonello&#8221;][vc_custom_heading text=&#8221;Antonello Cuomo &#8221; font_container=&#8221;tag:h2|font_size:20|text_align:center|color:%230a0a0a|line_height:22px&#8221; use_theme_fonts=&#8221;yes&#8221;][vc_custom_heading text=&#8221;Fondatore + Presidente del Consiglio di Amministrazione&#8221; font_container=&#8221;tag:h5|font_size:15|text_align:center|color:%230a0a0a|line_height:20px&#8221; use_theme_fonts=&#8221;yes&#8221; css=&#8221;.vc_custom_1534851017887{margin-top: 0px !important;margin-bottom: 0px !important;}&#8221;][vc_empty_space height=&#8221;12px&#8221;][vc_btn title=&#8221;Bio&#8221; style=&#8221;outline-custom&#8221; outline_custom_color=&#8221;#be1023&#8243; outline_custom_hover_background=&#8221;#be1023&#8243; outline_custom_hover_text=&#8221;#ffffff&#8221; shape=&#8221;square&#8221; align=&#8221;center&#8221; link=&#8221;url:%23antonello|&#8221;][vc_row_inner disable_element=&#8221;yes&#8221; css=&#8221;.vc_custom_1534858440919{padding-right: 30% !important;padding-left: 30% !important;}&#8221; el_class=&#8221;no-re-icon&#8221;][vc_column_inner width=&#8221;1\/2&#8243;][vc_icon icon_fontawesome=&#8221;fa fa-facebook&#8221; color=&#8221;custom&#8221; size=&#8221;sm&#8221; align=&#8221;right&#8221; link=&#8221;url:%23|||&#8221; custom_color=&#8221;#5e5e5e&#8221;][\/vc_column_inner][vc_column_inner width=&#8221;1\/2&#8243;][vc_icon icon_fontawesome=&#8221;fa fa-linkedin&#8221; color=&#8221;custom&#8221; size=&#8221;sm&#8221; link=&#8221;url:%23|||&#8221; custom_color=&#8221;#5e5e5e&#8221;][\/vc_column_inner][\/vc_row_inner][\/vc_column][vc_column width=&#8221;1\/3&#8243;][vc_single_image image=&#8221;2789&#8243; img_size=&#8221;350&#215;430&#8243; alignment=&#8221;center&#8221; onclick=&#8221;custom_link&#8221; link=&#8221;#rossana&#8221;][vc_custom_heading text=&#8221;Rossana Alvaro&#8221; font_container=&#8221;tag:h2|font_size:20|text_align:center|color:%230a0a0a|line_height:22px&#8221; use_theme_fonts=&#8221;yes&#8221;][vc_custom_heading text=&#8221;Fiduciario co-fondatore&#8221; font_container=&#8221;tag:h5|font_size:15|text_align:center|color:%230a0a0a|line_height:20px&#8221; use_theme_fonts=&#8221;yes&#8221; css=&#8221;.vc_custom_1534851053744{margin-top: 0px !important;margin-bottom: 0px !important;}&#8221;][vc_empty_space height=&#8221;12px&#8221;][vc_btn title=&#8221;Bio&#8221; style=&#8221;outline-custom&#8221; outline_custom_color=&#8221;#be1023&#8243; outline_custom_hover_background=&#8221;#be1023&#8243; outline_custom_hover_text=&#8221;#ffffff&#8221; shape=&#8221;square&#8221; align=&#8221;center&#8221; link=&#8221;url:%23rossana%20|&#8221; el_class=&#8221;.ps2id&#8221;][vc_row_inner disable_element=&#8221;yes&#8221; css=&#8221;.vc_custom_1534858449086{padding-right: 30% !important;padding-left: 30% !important;}&#8221; el_class=&#8221;no-re-icon&#8221;][vc_column_inner width=&#8221;1\/2&#8243;][vc_icon icon_fontawesome=&#8221;fa fa-facebook&#8221; color=&#8221;custom&#8221; size=&#8221;sm&#8221; align=&#8221;right&#8221; link=&#8221;url:%23|||&#8221; custom_color=&#8221;#5e5e5e&#8221;][\/vc_column_inner][vc_column_inner width=&#8221;1\/2&#8243;][vc_icon icon_fontawesome=&#8221;fa fa-linkedin&#8221; color=&#8221;custom&#8221; size=&#8221;sm&#8221; link=&#8221;url:%23|||&#8221; custom_color=&#8221;#5e5e5e&#8221;][\/vc_column_inner][\/vc_row_inner][\/vc_column][vc_column width=&#8221;1\/3&#8243;][vc_single_image image=&#8221;2791&#8243; img_size=&#8221;350&#215;430&#8243; alignment=&#8221;center&#8221; onclick=&#8221;custom_link&#8221; link=&#8221;#david&#8221;][vc_custom_heading text=&#8221;David Palumbo&#8221; font_container=&#8221;tag:h2|font_size:20|text_align:center|color:%230a0a0a|line_height:22px&#8221; use_theme_fonts=&#8221;yes&#8221;][vc_custom_heading text=&#8221;Fiduciario co-fondatore&#8221; font_container=&#8221;tag:h5|font_size:15|text_align:center|color:%230a0a0a|line_height:20px&#8221; use_theme_fonts=&#8221;yes&#8221; css=&#8221;.vc_custom_1534858205894{margin-top: 0px !important;margin-bottom: 0px !important;}&#8221;][vc_empty_space height=&#8221;12px&#8221;][vc_btn title=&#8221;Bio&#8221; style=&#8221;outline-custom&#8221; outline_custom_color=&#8221;#be1023&#8243; outline_custom_hover_background=&#8221;#be1023&#8243; outline_custom_hover_text=&#8221;#ffffff&#8221; shape=&#8221;square&#8221; align=&#8221;center&#8221; link=&#8221;url:%23david|&#8221;][vc_row_inner disable_element=&#8221;yes&#8221; css=&#8221;.vc_custom_1534858456586{padding-right: 30% !important;padding-left: 30% !important;}&#8221; el_class=&#8221;no-re-icon&#8221;][vc_column_inner width=&#8221;1\/2&#8243;][vc_icon icon_fontawesome=&#8221;fa fa-facebook&#8221; color=&#8221;custom&#8221; size=&#8221;sm&#8221; align=&#8221;right&#8221; link=&#8221;url:%23|||&#8221; custom_color=&#8221;#5e5e5e&#8221;][\/vc_column_inner][vc_column_inner width=&#8221;1\/2&#8243;][vc_icon icon_fontawesome=&#8221;fa fa-instagram&#8221; color=&#8221;custom&#8221; size=&#8221;sm&#8221; link=&#8221;url:%23|||&#8221; custom_color=&#8221;#5e5e5e&#8221;][\/vc_column_inner][\/vc_row_inner][\/vc_column][vc_column][\/vc_column][\/vc_row]<\/p>\n<p>[vc_row gap=&#8221;30&#8243; el_class=&#8221;hover01&#8243;]<\/p>\n<p>[vc_column width=&#8221;1\/3&#8243;][vc_single_image image=&#8221;2787&#8243; img_size=&#8221;350&#215;430&#8243; alignment=&#8221;center&#8221; onclick=&#8221;custom_link&#8221; link=&#8221;#clara&#8221;][vc_custom_heading text=&#8221;Clara Garcovich&#8221; font_container=&#8221;tag:h2|font_size:20|text_align:center|color:%230a0a0a|line_height:22px&#8221; use_theme_fonts=&#8221;yes&#8221;][vc_empty_space height=&#8221;12px&#8221;][vc_custom_heading text=&#8221;Fiduciario&#8221; font_container=&#8221;tag:h5|font_size:15|text_align:center|color:%230a0a0a|line_height:20px&#8221; use_theme_fonts=&#8221;yes&#8221; css=&#8221;.vc_custom_1534858228480{margin-top: 0px !important;margin-bottom: 0px !important;}&#8221;][vc_btn title=&#8221;Bio&#8221; style=&#8221;outline-custom&#8221; outline_custom_color=&#8221;#be1023&#8243; outline_custom_hover_background=&#8221;#be1023&#8243; outline_custom_hover_text=&#8221;#ffffff&#8221; shape=&#8221;square&#8221; align=&#8221;center&#8221; link=&#8221;url:%23clara|&#8221;][vc_row_inner disable_element=&#8221;yes&#8221; css=&#8221;.vc_custom_1534858466134{padding-right: 30% !important;padding-left: 30% !important;}&#8221; el_class=&#8221;no-re-icon&#8221;][vc_column_inner width=&#8221;1\/2&#8243;][vc_icon icon_fontawesome=&#8221;fa fa-facebook&#8221; color=&#8221;custom&#8221; size=&#8221;sm&#8221; align=&#8221;right&#8221; link=&#8221;url:%23|||&#8221; custom_color=&#8221;#5e5e5e&#8221;][\/vc_column_inner][vc_column_inner width=&#8221;1\/2&#8243;][vc_icon icon_fontawesome=&#8221;fa fa-linkedin&#8221; color=&#8221;custom&#8221; size=&#8221;sm&#8221; link=&#8221;url:%23|||&#8221; custom_color=&#8221;#5e5e5e&#8221;][\/vc_column_inner][\/vc_row_inner][\/vc_column]<\/p>\n<p>[vc_column width=&#8221;1\/3&#8243;][vc_single_image image=&#8221;2688&#8243; img_size=&#8221;350&#215;430&#8243; alignment=&#8221;center&#8221; onclick=&#8221;custom_link&#8221; link=&#8221;#alba&#8221;][vc_custom_heading text=&#8221;Alba Pau&#8221; font_container=&#8221;tag:h2|font_size:20|text_align:center|color:%230a0a0a|line_height:22px&#8221; use_theme_fonts=&#8221;yes&#8221;][vc_empty_space height=&#8221;12px&#8221;][vc_custom_heading text=&#8221;Ambassador&#8221; font_container=&#8221;tag:h5|font_size:15|text_align:center|color:%230a0a0a|line_height:20px&#8221; use_theme_fonts=&#8221;yes&#8221; css=&#8221;.vc_custom_1534858228480{margin-top: 0px !important;margin-bottom: 0px !important;}&#8221;][vc_btn title=&#8221;Bio&#8221; style=&#8221;outline-custom&#8221; outline_custom_color=&#8221;#be1023&#8243; outline_custom_hover_background=&#8221;#be1023&#8243; outline_custom_hover_text=&#8221;#ffffff&#8221; shape=&#8221;square&#8221; align=&#8221;center&#8221; link=&#8221;url:%23alba|&#8221;][vc_row_inner disable_element=&#8221;yes&#8221; css=&#8221;.vc_custom_1534858466134{padding-right: 30% !important;padding-left: 30% !important;}&#8221; el_class=&#8221;no-re-icon&#8221;][vc_column_inner width=&#8221;1\/2&#8243;][vc_icon icon_fontawesome=&#8221;fa fa-facebook&#8221; color=&#8221;custom&#8221; size=&#8221;sm&#8221; align=&#8221;right&#8221; link=&#8221;url:%23|||&#8221; custom_color=&#8221;#5e5e5e&#8221;][\/vc_column_inner][vc_column_inner width=&#8221;1\/2&#8243;][vc_icon icon_fontawesome=&#8221;fa fa-linkedin&#8221; color=&#8221;custom&#8221; size=&#8221;sm&#8221; link=&#8221;url:%23|||&#8221; custom_color=&#8221;#5e5e5e&#8221;][\/vc_column_inner][\/vc_row_inner][\/vc_column]<\/p>\n<p>[vc_column width=&#8221;1\/3&#8243;][vc_single_image image=&#8221;2795&#8243; img_size=&#8221;350&#215;430&#8243; alignment=&#8221;center&#8221; onclick=&#8221;custom_link&#8221; link=&#8221;#stefano&#8221;][vc_custom_heading text=&#8221;Stefano Guindani&#8221; font_container=&#8221;tag:h2|font_size:20|text_align:center|color:%230a0a0a|line_height:22px&#8221; use_theme_fonts=&#8221;yes&#8221;][vc_empty_space height=&#8221;12px&#8221;][vc_custom_heading text=&#8221;Fiduciario&#8221; font_container=&#8221;tag:h5|font_size:15|text_align:center|color:%230a0a0a|line_height:20px&#8221; use_theme_fonts=&#8221;yes&#8221; css=&#8221;.vc_custom_1534858222469{margin-top: 0px !important;margin-bottom: 0px !important;}&#8221;][vc_btn title=&#8221;Bio&#8221; style=&#8221;outline-custom&#8221; outline_custom_color=&#8221;#be1023&#8243; outline_custom_hover_background=&#8221;#be1023&#8243; outline_custom_hover_text=&#8221;#ffffff&#8221; shape=&#8221;square&#8221; align=&#8221;center&#8221; link=&#8221;url:%23stefano|&#8221; el_class=&#8221;.ps2id&#8221;][vc_row_inner disable_element=&#8221;yes&#8221; css=&#8221;.vc_custom_1534858470377{padding-right: 30% !important;padding-left: 30% !important;}&#8221; el_class=&#8221;no-re-icon&#8221;][vc_column_inner width=&#8221;1\/2&#8243;][vc_icon icon_fontawesome=&#8221;fa fa-facebook&#8221; color=&#8221;custom&#8221; size=&#8221;sm&#8221; align=&#8221;right&#8221; link=&#8221;url:%23|||&#8221; custom_color=&#8221;#5e5e5e&#8221;][\/vc_column_inner][vc_column_inner width=&#8221;1\/2&#8243;][vc_icon icon_fontawesome=&#8221;fa fa-linkedin&#8221; color=&#8221;custom&#8221; size=&#8221;sm&#8221; link=&#8221;url:%23|||&#8221; custom_color=&#8221;#5e5e5e&#8221;][\/vc_column_inner][\/vc_row_inner][\/vc_column][vc_column width=&#8221;1\/3&#8243;][\/vc_column][\/vc_row][vc_row][vc_column][vc_empty_space][\/vc_column][\/vc_row][\/vc_section][vc_row el_id=&#8221;antonello&#8221;][vc_column width=&#8221;1\/2&#8243;][vc_single_image image=&#8221;2799&#8243; img_size=&#8221;full&#8221;][\/vc_column][vc_column width=&#8221;1\/2&#8243;][vc_column_text]<\/p>\n<h1><span style=\"font-family: kontora; color: #333333;\">Antonello Cuomo&nbsp;<\/span><\/h1>\n<p>[\/vc_column_text][vc_empty_space height=&#8221;25px&#8221;][vc_column_text]<span style=\"color: #333333; font-family: kontora; font-size: 12pt;\">Antonello Cuomo \u00e8 nato a Roma, ma cresciuto in Cecoslovacchia. Ha un background diversificato ma un obiettivo molto mirato. Ha lavorato nell&#8217;industria cinematografica, producendo oltre 140 documentari e come tatuatore di fama internazionale. Attingendo alle esperienze che entrambe queste professioni offrono, ha plasmato il suo obiettivo di vita: fare la differenza per i meno fortunati e gli oppressi, offrendo loro i mezzi per vivere una vita rispettosa e sana. Nel corso degli anni, Antonello ha sviluppato stretti rapporti di lavoro con enti di beneficenza in tutto il mondo, organizzando raccolte di fondi o contribuendo direttamente a cause che gli stanno a cuore. Crede che l&#8217;educazione sia la migliore via d&#8217;uscita dalla povert\u00e0 per i bambini pi\u00f9 svantaggiati del mondo oltre che una fonte d&#8217;ispirazione per aiutare a sradicare il vandalismo ambientale.<\/span>[\/vc_column_text][\/vc_column][\/vc_row][vc_row el_id=&#8221;rossana&#8221;][vc_column width=&#8221;1\/2&#8243;][vc_column_text]<\/p>\n<h1><span style=\"font-family: kontora; color: #333333;\">Rossana Alvaro<\/span><\/h1>\n<p>[\/vc_column_text][vc_empty_space height=&#8221;25px&#8221;][vc_column_text]<span style=\"font-family: kontora; color: #333333;\">Rossana Alvaro, Laureata in Giurisprudenza nel 2009 presso la Libera Universit\u00e0 di Roma Maria Santissima Assunta. Rossana ha lavorato per la Divisione Ambiente del Tribunale Amministrativo di Roma, come consulente legale interno di una societ\u00e0 di energie rinnovabili e, dal 2013, per uno dei principali studi legali italiani in materia di ambiente e diritti umani. \u00c8 un&#8217;appassionato difensore dei diritti dei bambini e sostenitrice di iniziative che cercano di trovare una cura per le malattie che affliggono i giovani.<\/span>[\/vc_column_text][\/vc_column][vc_column width=&#8221;1\/2&#8243;][vc_single_image image=&#8221;2789&#8243; img_size=&#8221;full&#8221;][\/vc_column][\/vc_row][vc_row el_class=&#8221;d.p&#8221; el_id=&#8221;david&#8221;][vc_column width=&#8221;1\/2&#8243;][vc_single_image image=&#8221;2791&#8243; img_size=&#8221;full&#8221;][\/vc_column][vc_column width=&#8221;1\/2&#8243;][vc_column_text]<\/p>\n<h1><span style=\"font-family: kontora; color: #333333;\">David Palumbo<\/span><\/h1>\n<p>[\/vc_column_text][vc_empty_space height=&#8221;25px&#8221;][vc_column_text]<span style=\"font-family: kontora; color: #333333;\">David Palumbo \u00e8 nato a Roma e cresciuto in Venezuela, un Paese la cui diversit\u00e0 e le cui sfide sociali hanno contribuito a plasmare la sua visione del mondo. \u00c8 il fondatore e socio amministratore di Origen Capital LLP, una boutique di investimento con sede a Londra. Attraverso il suo lavoro nei Mercati Emergenti, \u00e8 stato testimone delle conseguenze della disuguaglianza economica e dell&#8217;inefficacia delle politiche. \u00c8 questo che alimenta la sua ambizione di portare dignit\u00e0, scelta e cambiamento sociale, ispirando e incubando soluzioni imprenditoriali innovative.<\/span>[\/vc_column_text][\/vc_column][\/vc_row][vc_row el_id=&#8221;clara&#8221;][vc_column width=&#8221;1\/2&#8243;][vc_column_text]<\/p>\n<h1><span style=\"font-family: kontora; color: #333333;\">Clara Garcovich<\/span><\/h1>\n<p>[\/vc_column_text][vc_empty_space height=&#8221;25px&#8221;][vc_column_text]<span style=\"font-family: kontora; color: #333333;\">Clara Garcovich \u00e8 una professionista delle pubbliche relazioni, con una vera passione per la diversit\u00e0 e un approccio altrettanto entusiasta al servizio clienti. Nata a Roma, ma di origini ceche, istriane e italiane, il lavoro di Clara si concentra principalmente sull&#8217;industria della moda e dello stile di vita. La sua creativit\u00e0 intuitiva e la capacit\u00e0 di catturare l&#8217;immaginazione \u00e8 la forza unica che porta all&#8217;ICAF<\/span>[\/vc_column_text][\/vc_column][vc_column width=&#8221;1\/2&#8243;][vc_single_image image=&#8221;2785&#8243; img_size=&#8221;full&#8221;][\/vc_column][\/vc_row][vc_row el_id=&#8221;stefano&#8221;][vc_column width=&#8221;1\/2&#8243;][vc_single_image image=&#8221;2795&#8243; img_size=&#8221;full&#8221;][\/vc_column][vc_column width=&#8221;1\/2&#8243;][vc_column_text]<\/p>\n<h1><span style=\"font-family: kontora; color: #333333;\">Stefano Guindani<\/span><\/h1>\n<p>[\/vc_column_text][vc_empty_space height=&#8221;25px&#8221;][vc_column_text]<span style=\"font-family: kontora; color: #333333;\">Stefano Guindani \u00e8 un fotografo riconosciuto a livello internazionale, specializzato in moda, celebrit\u00e0 e accesso al dietro le quinte. \u00c8 anche il fotografo ufficiale di numerosi e importanti stilisti italiani e, negli ultimi tre anni, ha rivolto il suo obiettivo al reportage, tra cui un progetto ad Haiti prima del tragico terremoto. La sua esperienza ad Haiti ha fortemente colpito Stefano, ispirandolo a tornare sull&#8217;isola negli anni successivi per documentare le condizioni di vita di una popolazione che ha mantenuto la sua dignit\u00e0 e la sua speranza dopo una catastrofe naturale devastante.<\/span><\/p>\n<p>[\/vc_column_text][\/vc_column][\/vc_row][vc_row el_id=&#8221;alba&#8221;][vc_column width=&#8221;1\/2&#8243;][vc_column_text]<\/p>\n<h1><span style=\"font-family: kontora; color: #333333;\">Alba Pau<\/span><\/h1>\n<p>[\/vc_column_text][vc_empty_space height=&#8221;25px&#8221;][vc_column_text]<span style=\"font-family: kontora; color: #333333;\">Alba \u00e8 un imprenditrice  proprietaria  di un noto ristorante dove lavora sia con il turismo che con le persone di questa meravigliosa isola di Ibiza.<\/p>\n<p><span style=\"font-family: kontora; color: #333333;\">Dopo molti anni ha potuto constatare che qui non ci sono solo discoteche, spiagge, lusso, divertimento, ecc. C&#8217;\u00e8 un mondo parallelo con persone con molti bisogni speciali (disabilit\u00e0, malattie degenerative, cancro, abusi sui bambini, etc.) che non sono cos\u00ec fortunate come noi di godere di una vita normale. Per questo motivo, pi\u00f9 di 10 anni fa ha voluto approfittare del suo status sociale per poter aiutare, diventando un volontario per l&#8217;Associazione dei disabili della Magna Pityusa, Plataforma socio-sanitaria de las Pitiusas, Fundaci\u00f3n Conciencia, Fundaci\u00f3n Cas Caleru, APNEEF, APFEM, APAAC, Asociaci\u00f3n Juntos e Fundaci\u00f3n Pacha.<br \/><\/span><\/p>\n<p><span style=\"font-family: kontora; color: #333333;\">&#8220;Quest&#8217;anno il Consiglio di Ibiza mi ha assegnato il premio al merito della citt\u00e0 di Ibiza, grande sorpresa, perch\u00e9 il mio aiuto \u00e8 sempre stato disinteressato.&#8221;<\/span>[\/vc_column_text][\/vc_column][vc_column width=&#8221;1\/2&#8243;][vc_single_image image=&#8221;2706&#8243; img_size=&#8221;full&#8221;][\/vc_column][\/vc_row]<\/p>\n\n<p><\/p>\n","protected":false},"excerpt":{"rendered":"<p>[vc_section css=&#8221;.vc_custom_1501467764272{padding-top: 55px !important;padding-bottom: 55px !important;}&#8221;][vc_row equal_height=&#8221;yes&#8221; content_placement=&#8221;middle&#8221;][vc_column width=&#8221;1\/2&#8243;][vc_single_image image=&#8221;2801&#8243; img_size=&#8221;full&#8221; alignment=&#8221;center&#8221;][\/vc_column][vc_column width=&#8221;1\/2&#8243; css=&#8221;.vc_custom_1501469736493{padding-right: 50px !important;padding-left: 50px !important;}&#8221;][vc_custom_heading text=&#8221;La Fondazione\u2026 <a href=\"https:\/\/www.icafoundation.org\/it\/chi-siamo\/\">more<\/a><\/p>\n","protected":false},"author":1,"featured_media":0,"parent":0,"menu_order":0,"comment_status":"closed","ping_status":"closed","template":"","meta":{"give_campaign_id":0,"footnotes":""},"class_list":["post-2783","page","type-page","status-publish","hentry"],"campaignId":"","_links":{"self":[{"href":"https:\/\/www.icafoundation.org\/it\/wp-json\/wp\/v2\/pages\/2783","targetHints":{"allow":["GET"]}}],"collection":[{"href":"https:\/\/www.icafoundation.org\/it\/wp-json\/wp\/v2\/pages"}],"about":[{"href":"https:\/\/www.icafoundation.org\/it\/wp-json\/wp\/v2\/types\/page"}],"author":[{"embeddable":true,"href":"https:\/\/www.icafoundation.org\/it\/wp-json\/wp\/v2\/users\/1"}],"replies":[{"embeddable":true,"href":"https:\/\/www.icafoundation.org\/it\/wp-json\/wp\/v2\/comments?post=2783"}],"version-history":[{"count":13,"href":"https:\/\/www.icafoundation.org\/it\/wp-json\/wp\/v2\/pages\/2783\/revisions"}],"predecessor-version":[{"id":2936,"href":"https:\/\/www.icafoundation.org\/it\/wp-json\/wp\/v2\/pages\/2783\/revisions\/2936"}],"wp:attachment":[{"href":"https:\/\/www.icafoundation.org\/it\/wp-json\/wp\/v2\/media?parent=2783"}],"curies":[{"name":"wp","href":"https:\/\/api.w.org\/{rel}","templated":true}]}}