{"id":2723,"date":"2021-01-18T08:29:54","date_gmt":"2021-01-18T08:29:54","guid":{"rendered":"https:\/\/www.icafoundation.org\/?page_id=2723"},"modified":"2021-01-18T11:33:14","modified_gmt":"2021-01-18T11:33:14","slug":"mission","status":"publish","type":"page","link":"https:\/\/www.icafoundation.org\/it\/mission\/","title":{"rendered":"Missione"},"content":{"rendered":"<p>[vc_row][vc_column parallax=&#8221;content-moving-fade&#8221; parallax_image=&#8221;2047&#8243; css=&#8221;.vc_custom_1532193869253{padding-bottom: 300px !important;}&#8221;][vc_empty_space height=&#8221;150px&#8221;][vc_custom_heading text=&#8221;IL NOSTRO MANIFESTO&#8221; font_container=&#8221;tag:h2|text_align:center|color:%23ffffff&#8221; google_fonts=&#8221;font_family:Alegreya%20Sans%3A100%2C100italic%2C300%2C300italic%2Cregular%2Citalic%2C500%2C500italic%2C700%2C700italic%2C800%2C800italic%2C900%2C900italic|font_style:400%20regular%3A400%3Anormal&#8221;][vc_column_text]<\/p>\n<h3 style=\"text-align: center;\"><span style=\"font-family: kontora; color: #bc1b2a;\">\u201c\u00c8 pi\u00f9 facile costruire bambini forti che riparare uomini rotti.\u201d<\/span><\/h3>\n<p style=\"text-align: center;\"><span style=\"font-family: kontora; color: #bc1b2a;\"><strong>Frederick Douglass<\/strong><\/span><\/p>\n<p>[\/vc_column_text][\/vc_column][\/vc_row][vc_row][vc_column][vc_empty_space][vc_row_inner][vc_column_inner width=&#8221;2\/3&#8243;][vc_custom_heading text=&#8221;IL NOSTRO METODO&#8221; font_container=&#8221;tag:h2|text_align:center|color:%23616161&#8243;][vc_single_image image=&#8221;2770&#8243; alignment=&#8221;center&#8221;][vc_column_text]<\/p>\n<h3 style=\"text-align: center;\"><\/h3>\n<p><span style=\"font-family: kontora;\">La nostra ambizione \u00e8 quella di contribuire a creare un mondo in cui i bambini si sentano sicuri e potenti; in cui possano vivere senza paura e senza l&#8217;odio radicato delle generazioni passate; un mondo maturo di possibilit\u00e0 e potenzialit\u00e0, capace di sostenere le loro speranze e i loro sogni.<\/span><\/p>\n<p><span style=\"color: #333333; font-family: kontora;\">Realizzare questo non sar\u00e0 n\u00e9 semplice n\u00e9 veloce. Richiede realismo e pragmatismo per vedere il mondo cos\u00ec com&#8217;\u00e8 e un&#8217;immaginazione audace per immaginare quello che potrebbe essere. Tra i due mettiamo il nostro capitale umano nel tentativo di avvicinarli. Usiamo la nostra passione, le nostre capacit\u00e0 uniche e le nostre connessioni di vasta portata, facendo leva su di esse con ritmo e acume per moltiplicare l&#8217;impatto e accelerare il cambiamento.<\/span><\/p>\n<p><span style=\"color: #333333; font-family: kontora;\">Abbiamo la tecnologia e i finanziamenti necessari per risolvere i pi\u00f9 grandi problemi umanitari e garantire la stabilit\u00e0, la libert\u00e0 e la protezione che tutti i nostri figli meritano.<\/span><\/p>\n<p><span style=\"color: #333333; font-family: kontora;\">Non siamo mai stati uniti cos\u00ec bene e quindi non siamo mai stati in una posizione migliore per trovare collaborazioni sinergiche e collaboratori volenterosi. Questa stessa connessione d\u00e0 alla nostra voce volume e risonanza globale. Innovatori, leader e influenti sono ora tutti a portata d&#8217;orecchio.<\/span>[\/vc_column_text][vc_column_text][\/vc_column_text][\/vc_column_inner][vc_column_inner width=&#8221;1\/3&#8243;][vc_single_image image=&#8221;2748&#8243; img_size=&#8221;large&#8221;][\/vc_column_inner][\/vc_row_inner][\/vc_column][\/vc_row][vc_row parallax=&#8221;content-moving&#8221;][vc_column parallax=&#8221;content-moving&#8221; parallax_image=&#8221;2099&#8243; css=&#8221;.vc_custom_1532361808794{padding-top: 150px !important;padding-bottom: 150px !important;}&#8221;][vc_column_text]<\/p>\n<p style=\"text-align: center;\"><span style=\"color: #ffffff; font-family: kontora; font-size: 14pt;\">Il Cuore Altrove \u00e8 la manifestazione della speranza in un mondo cinico. Noi il nostro cuore lo mettiamo dove \u00e8 richiesta la forma pi\u00f9 attiva di amore.  Proteggere, nutrire e ispirare i bambini pi\u00f9 vulnerabili del mondo. Offrire sicurezza dove c&#8217;\u00e8 incertezza e speranza invece della disperazione per sbloccare il loro pieno potenziale e aiutarli a diventare le solide fondamenta di tutti i nostri futuri.<\/span><\/p>\n<p style=\"text-align: center;\"><span style=\"color: #ffffff; font-family: kontora; font-size: 14pt;\">Facilitiamo, rafforziamo e rendiamo possibili i veicoli di beneficenza esistenti sfruttando le nostre capacit\u00e0, i nostri legami e le nostre passioni uniche. Identifichiamo e sosteniamo progetti che hanno i seguenti elementi chiave, facendo attenzione a non duplicare gli sforzi degli altri.<\/span><\/p>\n<p>[\/vc_column_text][\/vc_column][\/vc_row][vc_row][vc_column width=&#8221;2\/3&#8243;][vc_column_text]<\/p>\n<ol>\n<li><span style=\"color: #333333; font-family: kontora; font-size: 14pt;\">Innovativo<\/span><\/li>\n<\/ol>\n<p><span style=\"color: #333333; font-family: kontora;\">L&#8217;innovazione pu\u00f2 essere il risultato di una tecnologia applicata, un&#8217;idea unica che porta un cambiamento di paradigma sociale o una prospettiva diversa in una narrazione consolidata.  \u00c8 importante che i progetti abbiano una personalit\u00e0, un processo e un risultato che attragga le generazioni pi\u00f9 giovani.  Questo potrebbe avvenire attraverso le loro comunicazioni, la loro rete, i loro sostenitori, la loro posizione e\/o la loro demografia.  Siamo una fondazione lungimirante con una visione convincente per creare un futuro in cui vivere.<\/span><\/p>\n<p>&nbsp;<\/p>\n<ol start=\"2\">\n<li><span style=\"color: #333333; font-family: kontora; font-size: 14pt;\">Fase iniziale, di base e scalabile<\/span><\/li>\n<\/ol>\n<p><span style=\"color: #333333; font-family: kontora;\">Vogliamo trovare progetti e iniziative che abbiano il potenziale per creare un cambiamento duraturo ma che forse non abbiano la scala o il volume necessari per crescere. Progetti che, grazie alla loro semplicit\u00e0 e ai loro sistemi, potrebbero essere scalati per moltiplicare il loro impatto in modo esponenziale per la causa o la comunit\u00e0 che servono.<\/span><\/p>\n<p>&nbsp;<\/p>\n<ol start=\"3\">\n<li><span style=\"color: #333333; font-family: kontora; font-size: 14pt;\">Efficaci, misurabili e responsabili<\/span><\/li>\n<\/ol>\n<p><span style=\"color: #333333; font-family: kontora;\"> Sosterremo solo gli sforzi di organizzazioni estremamente disciplinate e precise nel misurare l&#8217;impatto e l&#8217;efficienza dei fondi. Poich\u00e9 forniremo aiuti e aiuti umanitari ai bambini bisognosi, dobbiamo allo stesso tempo mantenere la nostra integrit\u00e0 e responsabilit\u00e0 attraverso verifiche finanziarie, rapporti, ispezioni in loco e visite al programma. Soddisfare i bisogni dei bambini che soffrono \u00e8 solo una parte delle responsabilit\u00e0 della nostra missione. Essere responsabili nei confronti dei nostri donatori e sostenitori \u00e8 fondamentale per ogni operazione. Una passione senza precisione non ci porter\u00e0 lontano.<\/span><\/p>\n<p>&nbsp;<\/p>\n<ol start=\"4\">\n<li><span style=\"color: #333333; font-family: kontora; font-size: 14pt;\">Progetti strategici all&#8217;interno delle nostre reti<\/span><\/li>\n<\/ol>\n<p><span style=\"color: #333333; font-family: kontora;\">Le alleanze strategiche che possiamo portare ai progetti hanno un impatto molto maggiore di qualsiasi sostegno finanziario.  Vanno dalle risorse umane, all&#8217;intuizione, alle pressioni politiche e alla potente influenza. Per realizzare il pi\u00f9 grande cambiamento e avere l&#8217;impatto pi\u00f9 duraturo, selezioneremo solo enti di beneficenza e cause che sappiamo di poter aiutare in modo credibile. Le promesse che non vengono mantenute e i sogni che rimangono delusi non sono semplicemente accettabili per noi, quindi scegliamo chi sostenere con profonda considerazione.<\/span><\/p>\n<p>&nbsp;<\/p>\n<ol start=\"5\">\n<li><span style=\"color: #333333; font-family: kontora; font-size: 14pt;\">Cura non discriminante per tutti<\/span><\/li>\n<\/ol>\n<p><span style=\"color: #333333; font-family: kontora;\">Sosteniamo progetti che forniscono assistenza indipendentemente da razza, religione o sesso. Inoltre, una parte importante del nostro modello sar\u00e0 il sostegno a programmi che si rivolgono a tutto il bambino &#8211; fisicamente, mentalmente, socialmente e spiritualmente. Vogliamo sostenere programmi che si sforzano di dare ai bambini i valori, l&#8217;integrit\u00e0 e il carattere per essere buoni cittadini globali.<\/span>[\/vc_column_text][\/vc_column][vc_column width=&#8221;1\/3&#8243;][vc_single_image image=&#8221;2746&#8243; img_size=&#8221;large&#8221;][vc_single_image image=&#8221;2742&#8243; img_size=&#8221;large&#8221;][\/vc_column][\/vc_row]<\/p>\n","protected":false},"excerpt":{"rendered":"<p>[vc_row][vc_column parallax=&#8221;content-moving-fade&#8221; parallax_image=&#8221;2047&#8243; css=&#8221;.vc_custom_1532193869253{padding-bottom: 300px !important;}&#8221;][vc_empty_space height=&#8221;150px&#8221;][vc_custom_heading text=&#8221;IL NOSTRO MANIFESTO&#8221; font_container=&#8221;tag:h2|text_align:center|color:%23ffffff&#8221; google_fonts=&#8221;font_family:Alegreya%20Sans%3A100%2C100italic%2C300%2C300italic%2Cregular%2Citalic%2C500%2C500italic%2C700%2C700italic%2C800%2C800italic%2C900%2C900italic|font_style:400%20regular%3A400%3Anormal&#8221;][vc_column_text] \u201c\u00c8 pi\u00f9 facile costruire bambini forti che riparare\u2026 <a href=\"https:\/\/www.icafoundation.org\/it\/mission\/\">more<\/a><\/p>\n","protected":false},"author":1,"featured_media":0,"parent":0,"menu_order":0,"comment_status":"closed","ping_status":"closed","template":"","meta":{"give_campaign_id":0,"footnotes":""},"class_list":["post-2723","page","type-page","status-publish","hentry"],"campaignId":"","_links":{"self":[{"href":"https:\/\/www.icafoundation.org\/it\/wp-json\/wp\/v2\/pages\/2723","targetHints":{"allow":["GET"]}}],"collection":[{"href":"https:\/\/www.icafoundation.org\/it\/wp-json\/wp\/v2\/pages"}],"about":[{"href":"https:\/\/www.icafoundation.org\/it\/wp-json\/wp\/v2\/types\/page"}],"author":[{"embeddable":true,"href":"https:\/\/www.icafoundation.org\/it\/wp-json\/wp\/v2\/users\/1"}],"replies":[{"embeddable":true,"href":"https:\/\/www.icafoundation.org\/it\/wp-json\/wp\/v2\/comments?post=2723"}],"version-history":[{"count":21,"href":"https:\/\/www.icafoundation.org\/it\/wp-json\/wp\/v2\/pages\/2723\/revisions"}],"predecessor-version":[{"id":2834,"href":"https:\/\/www.icafoundation.org\/it\/wp-json\/wp\/v2\/pages\/2723\/revisions\/2834"}],"wp:attachment":[{"href":"https:\/\/www.icafoundation.org\/it\/wp-json\/wp\/v2\/media?parent=2723"}],"curies":[{"name":"wp","href":"https:\/\/api.w.org\/{rel}","templated":true}]}}